{"id":35,"date":"2025-10-14T12:33:42","date_gmt":"2025-10-14T10:33:42","guid":{"rendered":"https:\/\/localhost\/wordpress\/?page_id=35"},"modified":"2026-05-05T17:25:54","modified_gmt":"2026-05-05T15:25:54","slug":"therapie","status":"publish","type":"page","link":"https:\/\/stage.therapiezentrum-schubert.de\/?page_id=35","title":{"rendered":"Therapie"},"content":{"rendered":"\n<div class=\"wp-block-group r-spacing wow animate__animated animate__fadeInUp has-global-padding is-layout-constrained wp-container-core-group-is-layout-9e277222 wp-block-group-is-layout-constrained\" style=\"margin-top:0;margin-bottom:100px;padding-right:20px;padding-left:20px\">\n<div class=\"wp-block-columns are-vertically-aligned-center is-layout-flex wp-container-core-columns-is-layout-3fedb30a wp-block-columns-is-layout-flex\">\n<div class=\"wp-block-column is-vertically-aligned-center is-layout-flow wp-block-column-is-layout-flow\">\n<div class=\"wp-block-cover r-cover\" style=\"border-radius:20px;min-height:550px;aspect-ratio:unset;\"><img loading=\"lazy\" decoding=\"async\" width=\"886\" height=\"886\" class=\"wp-block-cover__image-background wp-image-72 size-full\" alt=\"\" src=\"https:\/\/stage.therapiezentrum-schubert.de\/wp-content\/uploads\/2025\/10\/2023-Mitarbeiteranzeige.jpg\" data-object-fit=\"cover\"\/><span aria-hidden=\"true\" class=\"wp-block-cover__background has-background-dim-0 has-background-dim\"><\/span><div class=\"wp-block-cover__inner-container has-global-padding is-layout-constrained wp-block-cover-is-layout-constrained\">\n<p class=\"has-text-align-center has-large-font-size\"><\/p>\n<\/div><\/div>\n<\/div>\n\n\n\n<div class=\"wp-block-column is-vertically-aligned-center is-layout-flow wp-block-column-is-layout-flow\">\n<h2 class=\"wp-block-heading has-text-align-left has-secondary-color has-text-color has-link-color wp-elements-a3d4f2bddaa56ac0dac8b34767a00927\" style=\"margin-top:0;margin-bottom:40px;font-size:clamp(23.54px, 1.471rem + ((1vw - 3.2px) * 1.578), 39px);font-style:normal;font-weight:400;line-height:1.3\">Bewegung, Heilung und Pr\u00e4vention durch gezielte Therapie<\/h2>\n\n\n\n<p style=\"margin-top:0\">Bei uns wird Ihr Training durch ausgebildete Sport- und Physiotherapeuten begleitet und auf Ihre individuellen Bed\u00fcrfnisse abgestimmt. So werden die Bereiche Ausdauer und Kraft optimal abgedeckt und Fehlerquellen beim Training vermieden. Im Ausdauerbereich arbeiten Sie gezielt auf die t\u00e4glichen Herausforderungen hin. Die Krafteinheiten sorgen daf\u00fcr, dass die gekr\u00e4ftigte Muskulatur Sie stabiler durch den Alltag tr\u00e4gt.<\/p>\n<\/div>\n<\/div>\n<\/div>\n\n\n\n<div class=\"wp-block-group has-global-padding is-layout-constrained wp-block-group-is-layout-constrained\">\n<div class=\"wp-block-group r-spacing wow animate__animated animate__fadeInUp has-global-padding is-layout-constrained wp-container-core-group-is-layout-9e277222 wp-block-group-is-layout-constrained\" style=\"margin-top:0;margin-bottom:100px;padding-right:20px;padding-left:20px\">\n<p>Zu unserem Therapieangebot im Bereich der Physiotherapie geh\u00f6ren neben der klassischen Krankengymnastik eine Vielzahl von spezialisierten Therapieformen. Diese erm\u00f6glichen uns eine Behandlung, die genau&nbsp;&nbsp;an&nbsp;Ihre speziellen Bed\u00fcrfnisse angepasst&nbsp;&nbsp;ist. Dazu z\u00e4hlen neben Manueller Therapie vor allem auch die neurologisch orientierte Krankengymnastik nach Bobath und PNF.<\/p>\n\n\n\n<div class=\"wp-block-group is-layout-grid wp-container-core-group-is-layout-df9cfaae wp-block-group-is-layout-grid\">\n<div class=\"wp-block-group has-background has-global-padding is-layout-constrained wp-container-core-group-is-layout-36f3f318 wp-block-group-is-layout-constrained\" style=\"border-radius:10px;background-color:#f5f5f4;padding-top:60px;padding-right:40px;padding-bottom:60px;padding-left:40px\">\n<h3 class=\"wp-block-heading has-text-align-left\" style=\"margin-top:24px;margin-bottom:24px;font-size:clamp(17.905px, 1.119rem + ((1vw - 3.2px) * 1.03), 28px);font-style:normal;font-weight:400;line-height:1.3\">Krafttraining am Ger\u00e4t<\/h3>\n\n\n\n<figure class=\"wp-block-image size-full is-resized is-style-rounded is-style-rounded--1\"><img loading=\"lazy\" decoding=\"async\" width=\"333\" height=\"333\" src=\"https:\/\/stage.therapiezentrum-schubert.de\/wp-content\/uploads\/2025\/10\/insaschubert-sport.jpg\" alt=\"\" class=\"wp-image-146\" style=\"object-fit:cover;width:350px;height:350px\"\/><\/figure>\n\n\n\n<p>Dar\u00fcber hinaus k\u00f6nnen wir jederzeit auf den umfangreichen Ger\u00e4tepark aus Krafttrainingsger\u00e4ten und Cardio-Ger\u00e4ten zur\u00fcckgreifen und bei Bedarf in die Behandlung mit einbauen.<\/p>\n<\/div>\n\n\n\n<div class=\"wp-block-group has-background has-global-padding is-layout-constrained wp-container-core-group-is-layout-36f3f318 wp-block-group-is-layout-constrained\" style=\"border-radius:10px;background-color:#f5f5f4;padding-top:60px;padding-right:40px;padding-bottom:60px;padding-left:40px\">\n<h3 class=\"wp-block-heading has-text-align-left\" style=\"margin-top:24px;margin-bottom:24px;font-size:clamp(17.905px, 1.119rem + ((1vw - 3.2px) * 1.03), 28px);font-style:normal;font-weight:400;line-height:1.3\">Krankengymnastik<\/h3>\n\n\n\n<figure class=\"wp-block-image size-full is-resized is-style-rounded is-style-rounded--2\"><img loading=\"lazy\" decoding=\"async\" width=\"4000\" height=\"2667\" src=\"https:\/\/stage.therapiezentrum-schubert.de\/wp-content\/uploads\/2026\/05\/pexels-funkcines-terapijos-centras-927573878-20860617.jpg\" alt=\"\" class=\"wp-image-615\" style=\"object-fit:cover;width:350px;height:350px\"\/><\/figure>\n\n\n\n<p>Dazu z\u00e4hlen neben Manueller Therapie vor allem auch die neurologisch orientierte Krankengymnastik nach Bobath und PNF.<\/p>\n<\/div>\n\n\n\n<div class=\"wp-block-group has-background has-global-padding is-layout-constrained wp-container-core-group-is-layout-36f3f318 wp-block-group-is-layout-constrained\" style=\"border-radius:10px;background-color:#f5f5f4;padding-top:60px;padding-right:40px;padding-bottom:60px;padding-left:40px\">\n<h3 class=\"wp-block-heading has-text-align-left\" style=\"margin-top:24px;margin-bottom:24px;font-size:clamp(17.905px, 1.119rem + ((1vw - 3.2px) * 1.03), 28px);font-style:normal;font-weight:400;line-height:1.3\">Elektrotherapie<\/h3>\n\n\n\n<figure class=\"wp-block-image size-full is-resized is-style-rounded is-style-rounded--3\"><img loading=\"lazy\" decoding=\"async\" width=\"3539\" height=\"5301\" src=\"https:\/\/stage.therapiezentrum-schubert.de\/wp-content\/uploads\/2026\/05\/pexels-pavel-danilyuk-7108358.jpg\" alt=\"\" class=\"wp-image-632\" style=\"object-fit:cover;width:350px;height:350px\"\/><\/figure>\n\n\n\n<p>Viele weitere passive Ma\u00dfnahmen wie W\u00e4rme- und K\u00e4ltetherapie, Ultraschallbehandlungen und Elektrotherapie runden das Angebot ab<\/p>\n<\/div>\n<\/div>\n<\/div>\n<\/div>\n","protected":false},"excerpt":{"rendered":"<p>Bewegung, Heilung und Pr\u00e4vention durch gezielte Therapie Bei uns wird Ihr Training durch ausgebildete Sport- und Physiotherapeuten begleitet und auf Ihre individuellen Bed\u00fcrfnisse abgestimmt. So werden die Bereiche Ausdauer und Kraft optimal abgedeckt und Fehlerquellen beim Training vermieden. Im Ausdauerbereich arbeiten Sie gezielt auf die t\u00e4glichen Herausforderungen hin. Die Krafteinheiten sorgen daf\u00fcr, dass die gekr\u00e4ftigte [&hellip;]<\/p>\n","protected":false},"author":1,"featured_media":0,"parent":0,"menu_order":0,"comment_status":"closed","ping_status":"closed","template":"","meta":{"_uag_custom_page_level_css":"","footnotes":""},"class_list":["post-35","page","type-page","status-publish","hentry"],"uagb_featured_image_src":{"full":false,"thumbnail":false,"medium":false,"medium_large":false,"large":false,"1536x1536":false,"2048x2048":false},"uagb_author_info":{"display_name":"Admin","author_link":"https:\/\/stage.therapiezentrum-schubert.de\/?author=1"},"uagb_comment_info":0,"uagb_excerpt":"Bewegung, Heilung und Pr\u00e4vention durch gezielte Therapie Bei uns wird Ihr Training durch ausgebildete Sport- und Physiotherapeuten begleitet und auf Ihre individuellen Bed\u00fcrfnisse abgestimmt. So werden die Bereiche Ausdauer und Kraft optimal abgedeckt und Fehlerquellen beim Training vermieden. Im Ausdauerbereich arbeiten Sie gezielt auf die t\u00e4glichen Herausforderungen hin. Die Krafteinheiten sorgen daf\u00fcr, dass die gekr\u00e4ftigte&hellip;","_links":{"self":[{"href":"https:\/\/stage.therapiezentrum-schubert.de\/index.php?rest_route=\/wp\/v2\/pages\/35","targetHints":{"allow":["GET"]}}],"collection":[{"href":"https:\/\/stage.therapiezentrum-schubert.de\/index.php?rest_route=\/wp\/v2\/pages"}],"about":[{"href":"https:\/\/stage.therapiezentrum-schubert.de\/index.php?rest_route=\/wp\/v2\/types\/page"}],"author":[{"embeddable":true,"href":"https:\/\/stage.therapiezentrum-schubert.de\/index.php?rest_route=\/wp\/v2\/users\/1"}],"replies":[{"embeddable":true,"href":"https:\/\/stage.therapiezentrum-schubert.de\/index.php?rest_route=%2Fwp%2Fv2%2Fcomments&post=35"}],"version-history":[{"count":11,"href":"https:\/\/stage.therapiezentrum-schubert.de\/index.php?rest_route=\/wp\/v2\/pages\/35\/revisions"}],"predecessor-version":[{"id":648,"href":"https:\/\/stage.therapiezentrum-schubert.de\/index.php?rest_route=\/wp\/v2\/pages\/35\/revisions\/648"}],"wp:attachment":[{"href":"https:\/\/stage.therapiezentrum-schubert.de\/index.php?rest_route=%2Fwp%2Fv2%2Fmedia&parent=35"}],"curies":[{"name":"wp","href":"https:\/\/api.w.org\/{rel}","templated":true}]}}