{"id":195,"date":"2025-10-17T16:58:08","date_gmt":"2025-10-17T14:58:08","guid":{"rendered":"https:\/\/localhost\/wordpress\/?page_id=195"},"modified":"2026-04-27T18:10:35","modified_gmt":"2026-04-27T16:10:35","slug":"impressum-und-datenschutz","status":"publish","type":"page","link":"https:\/\/stage.therapiezentrum-schubert.de\/?page_id=195","title":{"rendered":"Impressum und Datenschutz"},"content":{"rendered":"\n<h2 class=\"wp-block-heading\"><strong>Impressum<\/strong><\/h2>\n\n\n\n<p>Sergej Toma<\/p>\n\n\n\n<p>Therapiezentrum Insa Schubert<br>Wallinghausener Stra\u00dfe 12A<br>26603 Aurich<\/p>\n\n\n\n<p>Telefon: 04941-64464<\/p>\n\n\n\n<p>E-Mail:&nbsp;<a href=\"mailto:kontakt@therapiezentrum-schubert.de\">kontakt@therapiezentrum-schubert.de<\/a><\/p>\n\n\n\n<p><strong>Umsatzsteuernummer:<br><\/strong>054\/142\/01346<\/p>\n\n\n\n<p><strong>Datenschutzbeauftragte:<br><\/strong>Monika Dall\u00fcgge<\/p>\n\n\n\n<p><strong>Aufsichtsbeh\u00f6rde:<br><\/strong>Gesundheitsamt Aurich<\/p>\n\n\n\n<p>Extumer Weg 29<br>26603 Aurich<\/p>\n\n\n\n<p>Tel.: 04941 165300<br>Email: MEiben@landkreis-aurich.de<\/p>\n\n\n\n<p>Berufsbezeichnung: Dipl. Sportlehrer; Sport- und Bewegungstherapeut<br>Kammer: Gesundheitsamt Aurich<br>Berufsbezeichnung verliehen im Land: Deutschland<\/p>\n\n\n\n<p><strong>Berufshaftpflichtversicherung:<br><\/strong>Aachen M\u00fcnchener<br>Geltungsbereich: Deutschland<\/p>\n\n\n\n<p><strong>Bildrechte:<br><\/strong>Janina Broer \/&nbsp;<a href=\"http:\/\/www.janina-broer-fotografie.de\/\">janina-broer-fotografie.de<\/a><br>lassedesignen \/&nbsp;<a href=\"http:\/\/stock.adobe.com\/\">stock.adobe.com<\/a><br>Syda Productions \/&nbsp;<a href=\"http:\/\/stock.adobe.com\/\">stock.adobe.com<\/a><br>Robert Kneschke \/&nbsp;<a href=\"http:\/\/stock.adobe.com\/\">stock.adobe.com<\/a><\/p>\n\n\n\n<p><\/p>\n\n\n\n<h2 class=\"wp-block-heading\"><strong>Datenschutzerkl\u00e4rung<\/strong><\/h2>\n\n\n\n<h4 class=\"wp-block-heading\">1. Verantwortlicher<\/h4>\n\n\n\n<p>Verantwortlich f\u00fcr die Datenverarbeitung auf dieser Website ist:<br><strong>Sergej Toma<\/strong><br><strong>26603 Aurich, Wallinghausenerstr. 12a<\/strong><br><strong>E-Mail:<\/strong> <a href=\"mailto:kontakt@therapiezentrum-schubert.de\">kontakt@therapiezentrum-schubert.de<\/a><br><strong>Telefon:<\/strong> 04941\/64464<\/p>\n\n\n\n<h4 class=\"wp-block-heading\">2. Allgemeine Hinweise zur Datenverarbeitung<\/h4>\n\n\n\n<p>Der Schutz Ihrer pers\u00f6nlichen Daten ist uns ein besonderes Anliegen. Wir behandeln Ihre personenbezogenen Daten vertraulich und entsprechend den gesetzlichen Datenschutzvorschriften sowie dieser Datenschutzerkl\u00e4rung.<br>Die Nutzung unserer Website ist in der Regel ohne Angabe personenbezogener Daten m\u00f6glich. Soweit auf unseren Seiten personenbezogene Daten (z. B. Name, Anschrift, E-Mail-Adresse) erhoben werden, erfolgt dies \u2013 soweit m\u00f6glich \u2013 stets auf freiwilliger Basis. Diese Daten werden ohne Ihre ausdr\u00fcckliche Zustimmung nicht an Dritte weitergegeben.<\/p>\n\n\n\n<h4 class=\"wp-block-heading\">3. Erfassung von Zugriffsdaten<\/h4>\n\n\n\n<p>Beim Besuch dieser Website werden automatisch Informationen durch den Webserver erfasst. Dazu geh\u00f6ren:<\/p>\n\n\n\n<ul class=\"wp-block-list\">\n<li>Browsertyp und Browserversion<\/li>\n\n\n\n<li>verwendetes Betriebssystem<\/li>\n\n\n\n<li>Referrer-URL (zuvor besuchte Seite)<\/li>\n\n\n\n<li>Hostname des zugreifenden Rechners<\/li>\n\n\n\n<li>Uhrzeit der Serveranfrage<\/li>\n\n\n\n<li>IP-Adresse<\/li>\n<\/ul>\n\n\n\n<p>Diese Daten sind nicht bestimmten Personen zuordenbar. Eine Zusammenf\u00fchrung dieser Daten mit anderen Datenquellen wird nicht vorgenommen. Die Erfassung dieser Daten dient der Sicherstellung eines st\u00f6rungsfreien Betriebs der Website.<\/p>\n\n\n\n<h4 class=\"wp-block-heading\">4. Cookies<\/h4>\n\n\n\n<p>Unsere Website verwendet teilweise sogenannte Cookies. Cookies richten auf Ihrem Rechner keinen Schaden an und enthalten keine Viren. Sie dienen dazu, unser Angebot nutzerfreundlicher und sicherer zu machen.<br>Sie k\u00f6nnen Ihren Browser so einstellen, dass Sie \u00fcber das Setzen von Cookies informiert werden und Cookies nur im Einzelfall erlauben. Bei der Deaktivierung von Cookies kann die Funktionalit\u00e4t dieser Website eingeschr\u00e4nkt sein.<\/p>\n\n\n\n<h4 class=\"wp-block-heading\">5. Kontaktformular<\/h4>\n\n\n\n<p>Wenn Sie uns per Kontaktformular Anfragen zukommen lassen, werden Ihre Angaben aus dem Formular inklusive der von Ihnen dort angegebenen Kontaktdaten zwecks Bearbeitung der Anfrage und f\u00fcr den Fall von Anschlussfragen bei uns gespeichert. Diese Daten geben wir nicht ohne Ihre Einwilligung weiter.<\/p>\n\n\n\n<h4 class=\"wp-block-heading\">6. Analyse-Tools und Tracking<\/h4>\n\n\n\n<p>Diese Website verwendet <strong>keine Analyse- oder Tracking-Tools<\/strong> (z. B. Google Analytics).<br>Sollten zuk\u00fcnftig Analysewerkzeuge eingesetzt werden, wird diese Datenschutzerkl\u00e4rung entsprechend angepasst.<\/p>\n\n\n\n<h4 class=\"wp-block-heading\">7. Hosting<\/h4>\n\n\n\n<p>Unsere Website wird von einem externen Dienstleister (Webhoster) gehostet. Die personenbezogenen Daten, die auf dieser Website erfasst werden, werden auf den Servern des Hosters gespeichert.<br>Der Einsatz des Hosters erfolgt zum Zwecke der Vertragserf\u00fcllung gegen\u00fcber unseren potenziellen und bestehenden Kunden (Art. 6 Abs. 1 lit. b DSGVO) sowie im Interesse einer sicheren, schnellen und effizienten Bereitstellung unseres Online-Angebots (Art. 6 Abs. 1 lit. f DSGVO).<br>Mit dem Hoster wurde ein Vertrag \u00fcber Auftragsverarbeitung abgeschlossen.<\/p>\n\n\n\n<h4 class=\"wp-block-heading\">8. Social Media \/ externe Inhalte<\/h4>\n\n\n\n<p>Auf unserer Website k\u00f6nnen Links zu sozialen Netzwerken (z. B. Facebook, Instagram, YouTube) enthalten sein. Beim Aufruf dieser Links verlassen Sie unsere Website, und der jeweilige Anbieter erh\u00e4lt Daten \u00fcber Sie.<br>F\u00fcr die Verarbeitung dieser Daten ist ausschlie\u00dflich der jeweilige Anbieter verantwortlich.<\/p>\n\n\n\n<h4 class=\"wp-block-heading\">9. Ihre Rechte<\/h4>\n\n\n\n<p>Sie haben jederzeit das Recht auf:<\/p>\n\n\n\n<ul class=\"wp-block-list\">\n<li>Auskunft \u00fcber Ihre gespeicherten personenbezogenen Daten,<\/li>\n\n\n\n<li>Berichtigung unrichtiger Daten,<\/li>\n\n\n\n<li>L\u00f6schung oder Einschr\u00e4nkung der Verarbeitung,<\/li>\n\n\n\n<li>Widerspruch gegen die Verarbeitung,<\/li>\n\n\n\n<li>Daten\u00fcbertragbarkeit,<\/li>\n\n\n\n<li>Beschwerde bei einer Datenschutzaufsichtsbeh\u00f6rde.<\/li>\n<\/ul>\n\n\n\n<h4 class=\"wp-block-heading\">10. SSL- bzw. TLS-Verschl\u00fcsselung<\/h4>\n\n\n\n<p>Diese Seite nutzt aus Sicherheitsgr\u00fcnden und zum Schutz der \u00dcbertragung vertraulicher Inhalte, wie z. B. Anfragen, die Sie an uns senden, eine SSL- bzw. TLS-Verschl\u00fcsselung. Eine verschl\u00fcsselte Verbindung erkennen Sie an der Adresszeile des Browsers (\u201ehttps:\/\/\u201c) und am Schloss-Symbol.<\/p>\n\n\n\n<h4 class=\"wp-block-heading\">11. \u00c4nderungen dieser Datenschutzerkl\u00e4rung<\/h4>\n\n\n\n<p>Wir behalten uns vor, diese Datenschutzerkl\u00e4rung k\u00fcnftig anzupassen, um sie stets den aktuellen rechtlichen Anforderungen anzupassen oder \u00c4nderungen unserer Leistungen umzusetzen.<\/p>\n\n\n\n<p><\/p>\n","protected":false},"excerpt":{"rendered":"<p>Impressum Sergej Toma Therapiezentrum Insa SchubertWallinghausener Stra\u00dfe 12A26603 Aurich Telefon: 04941-64464 E-Mail:&nbsp;kontakt@therapiezentrum-schubert.de Umsatzsteuernummer:054\/142\/01346 Datenschutzbeauftragte:Monika Dall\u00fcgge Aufsichtsbeh\u00f6rde:Gesundheitsamt Aurich Extumer Weg 2926603 Aurich Tel.: 04941 165300Email: MEiben@landkreis-aurich.de Berufsbezeichnung: Dipl. Sportlehrer; Sport- und BewegungstherapeutKammer: Gesundheitsamt AurichBerufsbezeichnung verliehen im Land: Deutschland Berufshaftpflichtversicherung:Aachen M\u00fcnchenerGeltungsbereich: Deutschland Bildrechte:Janina Broer \/&nbsp;janina-broer-fotografie.delassedesignen \/&nbsp;stock.adobe.comSyda Productions \/&nbsp;stock.adobe.comRobert Kneschke \/&nbsp;stock.adobe.com Datenschutzerkl\u00e4rung 1. Verantwortlicher Verantwortlich f\u00fcr die Datenverarbeitung [&hellip;]<\/p>\n","protected":false},"author":1,"featured_media":0,"parent":0,"menu_order":0,"comment_status":"closed","ping_status":"closed","template":"","meta":{"_uag_custom_page_level_css":"","footnotes":""},"class_list":["post-195","page","type-page","status-publish","hentry"],"uagb_featured_image_src":{"full":false,"thumbnail":false,"medium":false,"medium_large":false,"large":false,"1536x1536":false,"2048x2048":false},"uagb_author_info":{"display_name":"Admin","author_link":"https:\/\/stage.therapiezentrum-schubert.de\/?author=1"},"uagb_comment_info":0,"uagb_excerpt":"Impressum Sergej Toma Therapiezentrum Insa SchubertWallinghausener Stra\u00dfe 12A26603 Aurich Telefon: 04941-64464 E-Mail:&nbsp;kontakt@therapiezentrum-schubert.de Umsatzsteuernummer:054\/142\/01346 Datenschutzbeauftragte:Monika Dall\u00fcgge Aufsichtsbeh\u00f6rde:Gesundheitsamt Aurich Extumer Weg 2926603 Aurich Tel.: 04941 165300Email: MEiben@landkreis-aurich.de Berufsbezeichnung: Dipl. Sportlehrer; Sport- und BewegungstherapeutKammer: Gesundheitsamt AurichBerufsbezeichnung verliehen im Land: Deutschland Berufshaftpflichtversicherung:Aachen M\u00fcnchenerGeltungsbereich: Deutschland Bildrechte:Janina Broer \/&nbsp;janina-broer-fotografie.delassedesignen \/&nbsp;stock.adobe.comSyda Productions \/&nbsp;stock.adobe.comRobert Kneschke \/&nbsp;stock.adobe.com Datenschutzerkl\u00e4rung 1. Verantwortlicher Verantwortlich f\u00fcr die Datenverarbeitung&hellip;","_links":{"self":[{"href":"https:\/\/stage.therapiezentrum-schubert.de\/index.php?rest_route=\/wp\/v2\/pages\/195","targetHints":{"allow":["GET"]}}],"collection":[{"href":"https:\/\/stage.therapiezentrum-schubert.de\/index.php?rest_route=\/wp\/v2\/pages"}],"about":[{"href":"https:\/\/stage.therapiezentrum-schubert.de\/index.php?rest_route=\/wp\/v2\/types\/page"}],"author":[{"embeddable":true,"href":"https:\/\/stage.therapiezentrum-schubert.de\/index.php?rest_route=\/wp\/v2\/users\/1"}],"replies":[{"embeddable":true,"href":"https:\/\/stage.therapiezentrum-schubert.de\/index.php?rest_route=%2Fwp%2Fv2%2Fcomments&post=195"}],"version-history":[{"count":3,"href":"https:\/\/stage.therapiezentrum-schubert.de\/index.php?rest_route=\/wp\/v2\/pages\/195\/revisions"}],"predecessor-version":[{"id":608,"href":"https:\/\/stage.therapiezentrum-schubert.de\/index.php?rest_route=\/wp\/v2\/pages\/195\/revisions\/608"}],"wp:attachment":[{"href":"https:\/\/stage.therapiezentrum-schubert.de\/index.php?rest_route=%2Fwp%2Fv2%2Fmedia&parent=195"}],"curies":[{"name":"wp","href":"https:\/\/api.w.org\/{rel}","templated":true}]}}